{"id":1001,"date":"2018-05-24T16:56:49","date_gmt":"2018-05-24T14:56:49","guid":{"rendered":"https:\/\/vdi-neckargruppe.de\/blog\/?page_id=1001"},"modified":"2023-11-24T10:00:13","modified_gmt":"2023-11-24T09:00:13","slug":"datenschutzerklaerung","status":"publish","type":"page","link":"https:\/\/vdi-heilbronn-franken.de\/blog\/datenschutzerklaerung\/","title":{"rendered":"Datenschutzerkl\u00e4rung"},"content":{"rendered":"<h1>\u00dcber uns<\/h1>\n<p>Die Adresse unserer Webseite ist <a href=\"https:\/\/blog.vdi-heilbronn-franken.de\">https:\/\/blog.vdi-heilbronn-franken.de<\/a>&nbsp;<\/p>\n<p>Besucher dieser Webseite haben lesenden Zugriff auf die Inhalte und k\u00f6nnen keine personenbezogenen oder andere Daten eingeben. Eine Erfassung und Speicherung personenbezogener oder anderer Daten findet nicht statt.<\/p>\n<p>Informationen zum VDI finden Sie auf der Seite <a href=\"https:\/\/vdi-heilbronn-franken.de\/blog\/ueber-uns\/\"><em>\u00dcber uns<\/em><\/a> und weitere Kontaktdaten im <em><a href=\"https:\/\/vdi-heilbronn-franken.de\/blog\/impressum\/\">Impressum<\/a>.<\/em><\/p>\n<h1>Personenbezogene Daten auf dieser Webseite<\/h1>\n<h2>Kommentare<\/h2>\n<p>Eine Kommentarfunktion ist nicht aktiviert. Besucher der Webseite k\u00f6nnen sich nicht als Benutzer registrieren oder personenbezogene Daten eingeben.<\/p>\n<h2>Medien<\/h2>\n<p>Fotos auf dieser Webseite enthalten keine Standort-Informationen, keine personenbezogenen Daten und verweisen nicht auf fremde Quellen.<\/p>\n<h2>Kontaktformulare<\/h2>\n<p>Diese Webseite enth\u00e4lt keine Kontaktformulare. Sie finden unsere Kontaktdaten im <a href=\"https:\/\/vdi-heilbronn-franken.de\/blog\/impressum\/\"><em>Impressum<\/em><\/a>.<\/p>\n<p>Wenn Sie den Newsletter der VDI Neckargruppe beziehen wollen, k\u00f6nnen Sie Ihre E-Mail-Adresse auf dem Formularfeld rechts unten registrieren. Sie erhalten eine Best\u00e4tigungsmail unseres Newsletters, mit der Sie die Registrierung abschlie\u00dfen k\u00f6nnen (&#8222;double opt-in&#8220;). Wir speichern ausschlie\u00dflich Ihre E-Mail-Adresse ohne weitere personenbezogene Daten. Sie k\u00f6nnen Ihre E-Mail-Adresse \u00fcber das Formularfeld jederzeit vom Newletter l\u00f6schen.<\/p>\n<h2>Cookies<\/h2>\n<p>Besucher der Webseite haben lesenden Zugriff auf die Inhalte. Eine Registrierung mit Benutzerdaten und damit verkn\u00fcpften Cookies ist nicht m\u00f6glich.<\/p>\n<h2>Inhalte von anderen Webseiten<\/h2>\n<p>Beitr\u00e4ge auf dieser Webseite enthalten keine eingebetteten Inhalte. Verweise auf andere Webseiten sind mit der Ziel-URL hinterlegt, die sich beim Anklicken in einem neuen, eigenen Browserfenster \u00f6ffnet, das keinen R\u00fcckw\u00e4rtsbezug zu dieser Webseite enth\u00e4lt.<\/p>\n<h2>Ihre Kontakt-Informationen<\/h2>\n<p>Diese Webseite kann nicht zur Kontaktaufnahme verwendet werden und erm\u00f6glicht keine Eingabe Ihrer Kontaktdaten.<\/p>\n<h1>Newsletter<\/h1>\n<p>Zur Anmeldung f\u00fcr unseren Newsletter benutzen Sie das Anmeldefeld rechts unten. Sie erhalten eine E-Mail, um Ihre Anmeldung im Double-Opt-In zu best\u00e4tigen. Wir erfassen nur Ihre E-Mail-Adresse zum Versand des Newsletters. Wir erfassen keine weiteren pers\u00f6nlichen Angaben und geben keine Daten weiter.<\/p>\n<p>Den Newsletter k\u00f6nnen Sie auf demselben Weg jederzeit wieder abbestellen.<\/p>\n<h1>Hosting<\/h1>\n<p>Technische Hinweise zum Serverbetrieb finden Sie auf der Homepage unsreres Hosting-Dienstleisters <a href=\"https:\/\/www.strato.de\/\" target=\"_blank\" rel=\"noopener\">STRATO<\/a>.<\/p>\n","protected":false},"excerpt":{"rendered":"<p>\u00dcber uns Die Adresse unserer Webseite ist https:\/\/blog.vdi-heilbronn-franken.de&nbsp; Besucher dieser Webseite haben lesenden Zugriff auf die Inhalte und k\u00f6nnen keine personenbezogenen oder andere Daten eingeben. Eine Erfassung und Speicherung personenbezogener oder anderer Daten findet nicht statt. Informationen zum VDI finden Sie auf der Seite \u00dcber uns und weitere Kontaktdaten im Impressum. Personenbezogene Daten auf dieser [&hellip;]<\/p>\n","protected":false},"author":1,"featured_media":0,"parent":0,"menu_order":0,"comment_status":"closed","ping_status":"closed","template":"","meta":{"ngg_post_thumbnail":0,"footnotes":""},"class_list":["post-1001","page","type-page","status-publish","hentry"],"_links":{"self":[{"href":"https:\/\/vdi-heilbronn-franken.de\/blog\/wp-json\/wp\/v2\/pages\/1001","targetHints":{"allow":["GET"]}}],"collection":[{"href":"https:\/\/vdi-heilbronn-franken.de\/blog\/wp-json\/wp\/v2\/pages"}],"about":[{"href":"https:\/\/vdi-heilbronn-franken.de\/blog\/wp-json\/wp\/v2\/types\/page"}],"author":[{"embeddable":true,"href":"https:\/\/vdi-heilbronn-franken.de\/blog\/wp-json\/wp\/v2\/users\/1"}],"replies":[{"embeddable":true,"href":"https:\/\/vdi-heilbronn-franken.de\/blog\/wp-json\/wp\/v2\/comments?post=1001"}],"version-history":[{"count":10,"href":"https:\/\/vdi-heilbronn-franken.de\/blog\/wp-json\/wp\/v2\/pages\/1001\/revisions"}],"predecessor-version":[{"id":1628,"href":"https:\/\/vdi-heilbronn-franken.de\/blog\/wp-json\/wp\/v2\/pages\/1001\/revisions\/1628"}],"wp:attachment":[{"href":"https:\/\/vdi-heilbronn-franken.de\/blog\/wp-json\/wp\/v2\/media?parent=1001"}],"curies":[{"name":"wp","href":"https:\/\/api.w.org\/{rel}","templated":true}]}}