{"id":1142,"date":"2020-04-29T14:58:17","date_gmt":"2020-04-29T12:58:17","guid":{"rendered":"https:\/\/vdi-neckargruppe.de\/blog\/?page_id=1142"},"modified":"2022-08-15T13:50:56","modified_gmt":"2022-08-15T11:50:56","slug":"newsletter","status":"publish","type":"page","link":"https:\/\/vdi-heilbronn-franken.de\/blog\/newsletter\/","title":{"rendered":"Newsletter"},"content":{"rendered":"<p>Im Newsletter informieren wir \u00fcber aktuelle Veranstaltungen und Neuigkeiten der VDI Neckargruppe. Wenn Sie VDI MItglied sind und Ihre E-Mail-Adresse beim VDI <a href=\"https:\/\/www.vdi.de\/mitgliedschaft\" target=\"_blank\" rel=\"noopener noreferrer\">https:\/\/www.vdi.de\/mitgliedschaft<\/a> registriert haben, erhalten Sie den Newsletter automatisch.<\/p>\n<p>Interessierte k\u00f6nnen sich gerne auch f\u00fcr den Empfang des Newsletters registrieren. Rechts unten auf diesen Seiten finden Sie ein Eingabefeld :<\/p>\n<p><img loading=\"lazy\" decoding=\"async\" class=\"alignleft wp-image-1141\" src=\"https:\/\/vdi-neckargruppe.de\/blog\/wp-content\/uploads\/2020\/04\/Bildschirmfoto-2020-04-29-um-13.35.24.png\" alt=\"\" width=\"200\" height=\"199\" srcset=\"https:\/\/vdi-heilbronn-franken.de\/blog\/wp-content\/uploads\/2020\/04\/Bildschirmfoto-2020-04-29-um-13.35.24.png 263w, https:\/\/vdi-heilbronn-franken.de\/blog\/wp-content\/uploads\/2020\/04\/Bildschirmfoto-2020-04-29-um-13.35.24-150x150.png 150w\" sizes=\"auto, (max-width: 200px) 100vw, 200px\" \/>Tragen Sie dort Ihre <em>E-Mail-Adresse<\/em> ein und klicken Sie auf <strong><em>Absenden<\/em><\/strong>. Sie erhalten eine E-Mail, mit der Sie Ihre Anmeldung best\u00e4tigen k\u00f6nnen. Erst nach erfolgter Best\u00e4tigung empfangen Sie k\u00fcnftig den Newsletter.<\/p>\n<p>Wenn Sie den Newsletter nicht weiter empfangen wollen, wiederholen Sie diese Schritte, aber w\u00e4hlen dann <em>abmelden<\/em>.<\/p>\n","protected":false},"excerpt":{"rendered":"<p>Im Newsletter informieren wir \u00fcber aktuelle Veranstaltungen und Neuigkeiten der VDI Neckargruppe. Wenn Sie VDI MItglied sind und Ihre E-Mail-Adresse beim VDI https:\/\/www.vdi.de\/mitgliedschaft registriert haben, erhalten Sie den Newsletter automatisch. Interessierte k\u00f6nnen sich gerne auch f\u00fcr den Empfang des Newsletters registrieren. Rechts unten auf diesen Seiten finden Sie ein Eingabefeld : Tragen Sie dort Ihre [&hellip;]<\/p>\n","protected":false},"author":1,"featured_media":0,"parent":0,"menu_order":0,"comment_status":"closed","ping_status":"closed","template":"","meta":{"ngg_post_thumbnail":0,"footnotes":""},"class_list":["post-1142","page","type-page","status-publish","hentry"],"_links":{"self":[{"href":"https:\/\/vdi-heilbronn-franken.de\/blog\/wp-json\/wp\/v2\/pages\/1142","targetHints":{"allow":["GET"]}}],"collection":[{"href":"https:\/\/vdi-heilbronn-franken.de\/blog\/wp-json\/wp\/v2\/pages"}],"about":[{"href":"https:\/\/vdi-heilbronn-franken.de\/blog\/wp-json\/wp\/v2\/types\/page"}],"author":[{"embeddable":true,"href":"https:\/\/vdi-heilbronn-franken.de\/blog\/wp-json\/wp\/v2\/users\/1"}],"replies":[{"embeddable":true,"href":"https:\/\/vdi-heilbronn-franken.de\/blog\/wp-json\/wp\/v2\/comments?post=1142"}],"version-history":[{"count":7,"href":"https:\/\/vdi-heilbronn-franken.de\/blog\/wp-json\/wp\/v2\/pages\/1142\/revisions"}],"predecessor-version":[{"id":1365,"href":"https:\/\/vdi-heilbronn-franken.de\/blog\/wp-json\/wp\/v2\/pages\/1142\/revisions\/1365"}],"wp:attachment":[{"href":"https:\/\/vdi-heilbronn-franken.de\/blog\/wp-json\/wp\/v2\/media?parent=1142"}],"curies":[{"name":"wp","href":"https:\/\/api.w.org\/{rel}","templated":true}]}}