{"id":1374,"date":"2022-08-23T09:50:06","date_gmt":"2022-08-23T07:50:06","guid":{"rendered":"https:\/\/vdi-neckargruppe.de\/blog\/?page_id=1374"},"modified":"2023-11-24T10:11:37","modified_gmt":"2023-11-24T09:11:37","slug":"young-engineers","status":"publish","type":"page","link":"https:\/\/vdi-heilbronn-franken.de\/blog\/young-engineers\/","title":{"rendered":"Young Engineers"},"content":{"rendered":"<h1><img loading=\"lazy\" decoding=\"async\" class=\"alignright wp-image-1385\" src=\"https:\/\/vdi-neckargruppe.de\/blog\/wp-content\/uploads\/2022\/08\/VDI-Young-Engineers-Logo-150x150.png\" alt=\"\" width=\"100\" height=\"100\" srcset=\"https:\/\/vdi-heilbronn-franken.de\/blog\/wp-content\/uploads\/2022\/08\/VDI-Young-Engineers-Logo-150x150.png 150w, https:\/\/vdi-heilbronn-franken.de\/blog\/wp-content\/uploads\/2022\/08\/VDI-Young-Engineers-Logo-300x300.png 300w, https:\/\/vdi-heilbronn-franken.de\/blog\/wp-content\/uploads\/2022\/08\/VDI-Young-Engineers-Logo.png 540w\" sizes=\"auto, (max-width: 100px) 100vw, 100px\" \/>Willkommen bei den VDI Young Engineers<\/h1>\n<p>F\u00fcr die richtige Stadt hast Du Dich ja schon entschieden \u2013 finden wir gut. Jetzt fehlt Dir eigentlich nur noch ein hochkar\u00e4tiges regionales Netzwerk. Denn eins ist klar, f\u00fcr Studierende oder Young Professionals sind Kontakte und regelm\u00e4\u00dfiger Austausch die Basis f\u00fcr eine erfolgreiche Karriere. Nicht umsonst haben in unserem Netzwerk bereits rund 29.300 aktive Mitglieder.<\/p>\n<p>Wenn Du also Deine und unsere Zukunft mitgestalten m\u00f6chtest, hol Dir bei uns wertvolle Tipps f\u00fcr den Start ins Studium oder Berufsleben, denn wer kennt sich hier schon besser aus, als Dein Team vor Ort?<\/p>\n<p>Triff Dich mit andere Ingenieur*innen Deines Fachbereichs oder nimm an spannenden Veranstaltungen und Projekten teil. Wir sind auf jeden Fall f\u00fcr Dich da und freuen uns darauf wirklich jeden Geheimtipp mit Dir zu teilen.<\/p>\n<h1>Unsere Angebote<\/h1>\n<ul>\n<li>Stammtische<\/li>\n<li>Exkursionen<\/li>\n<li>Soft skills Workshops<\/li>\n<li>Vortr\u00e4ge<\/li>\n<li>bundesweite Treffen<\/li>\n<li>und vieles mehr&#8230;<\/li>\n<\/ul>\n<h1>Kontakt<\/h1>\n<p><a href=\"mailto:young-engineers@vdi-heilbronn-franken.de\">young-engineers@vdi-heilbronn-franken.de<\/a><\/p>\n<p>Zum Beitritt zur WhatsApp-Gruppe : <a href=\"https:\/\/chat.whatsapp.com\/Fyd7agFSbdx3Y6EFC2FhYd\" target=\"_blank\" rel=\"noopener\">https:\/\/chat.whatsapp.com\/Fyd7agFSbdx3Y6EFC2FhYd<\/a><a href=\"https:\/\/vdi-neckargruppe.de\/blog\/wp-content\/uploads\/2022\/10\/whatsapp.jpg\" target=\"_blank\" rel=\"noopener\"><img loading=\"lazy\" decoding=\"async\" class=\"aligncenter wp-image-1422 size-medium\" src=\"https:\/\/vdi-neckargruppe.de\/blog\/wp-content\/uploads\/2022\/10\/whatsapp-169x300.jpg\" alt=\"\" width=\"169\" height=\"300\" srcset=\"https:\/\/vdi-heilbronn-franken.de\/blog\/wp-content\/uploads\/2022\/10\/whatsapp-169x300.jpg 169w, https:\/\/vdi-heilbronn-franken.de\/blog\/wp-content\/uploads\/2022\/10\/whatsapp-576x1024.jpg 576w, https:\/\/vdi-heilbronn-franken.de\/blog\/wp-content\/uploads\/2022\/10\/whatsapp-624x1109.jpg 624w, https:\/\/vdi-heilbronn-franken.de\/blog\/wp-content\/uploads\/2022\/10\/whatsapp.jpg 720w\" sizes=\"auto, (max-width: 169px) 100vw, 169px\" \/><\/a><\/p>\n<h1>Termine<\/h1>\n<p>Es gibt einen regelm\u00e4\u00dfigen Stammtisch. Dieser und andere Termine finden sich im Men\u00fc.<\/p>\n","protected":false},"excerpt":{"rendered":"<p>Willkommen bei den VDI Young Engineers F\u00fcr die richtige Stadt hast Du Dich ja schon entschieden \u2013 finden wir gut. Jetzt fehlt Dir eigentlich nur noch ein hochkar\u00e4tiges regionales Netzwerk. Denn eins ist klar, f\u00fcr Studierende oder Young Professionals sind Kontakte und regelm\u00e4\u00dfiger Austausch die Basis f\u00fcr eine erfolgreiche Karriere. Nicht umsonst haben in unserem [&hellip;]<\/p>\n","protected":false},"author":1,"featured_media":0,"parent":0,"menu_order":0,"comment_status":"closed","ping_status":"closed","template":"","meta":{"ngg_post_thumbnail":0,"footnotes":""},"class_list":["post-1374","page","type-page","status-publish","hentry"],"_links":{"self":[{"href":"https:\/\/vdi-heilbronn-franken.de\/blog\/wp-json\/wp\/v2\/pages\/1374","targetHints":{"allow":["GET"]}}],"collection":[{"href":"https:\/\/vdi-heilbronn-franken.de\/blog\/wp-json\/wp\/v2\/pages"}],"about":[{"href":"https:\/\/vdi-heilbronn-franken.de\/blog\/wp-json\/wp\/v2\/types\/page"}],"author":[{"embeddable":true,"href":"https:\/\/vdi-heilbronn-franken.de\/blog\/wp-json\/wp\/v2\/users\/1"}],"replies":[{"embeddable":true,"href":"https:\/\/vdi-heilbronn-franken.de\/blog\/wp-json\/wp\/v2\/comments?post=1374"}],"version-history":[{"count":12,"href":"https:\/\/vdi-heilbronn-franken.de\/blog\/wp-json\/wp\/v2\/pages\/1374\/revisions"}],"predecessor-version":[{"id":1602,"href":"https:\/\/vdi-heilbronn-franken.de\/blog\/wp-json\/wp\/v2\/pages\/1374\/revisions\/1602"}],"wp:attachment":[{"href":"https:\/\/vdi-heilbronn-franken.de\/blog\/wp-json\/wp\/v2\/media?parent=1374"}],"curies":[{"name":"wp","href":"https:\/\/api.w.org\/{rel}","templated":true}]}}