{"id":18,"date":"2014-11-24T16:05:23","date_gmt":"2014-11-24T14:05:23","guid":{"rendered":"http:\/\/blog.vdi-neckargruppe.de\/?page_id=18"},"modified":"2023-11-24T10:09:45","modified_gmt":"2023-11-24T09:09:45","slug":"ueber-uns","status":"publish","type":"page","link":"https:\/\/vdi-heilbronn-franken.de\/blog\/ueber-uns\/","title":{"rendered":"\u00dcber uns"},"content":{"rendered":"<p>Der <a href=\"http:\/\/www.vdi.de\" target=\"_blank\" rel=\"noopener\"><em>VDI Verein Deutscher Ingenieure e.V.<\/em><\/a> ist Sprecher der Ingenieure und der Technik. Mit seinen 135.000 Mitgliedern ist der VDI der gr\u00f6\u00dfte technisch-wissenschaftliche Verein Europas. Als gemeinn\u00fctzige und unabh\u00e4ngige Organisation ist er zentraler Ansprechpartner f\u00fcr technische, berufliche und politische Fragen. Sein starkes Netzwerk unterst\u00fctzt den Austausch zwischen Industrie, Wissenschaft, Gesellschaft, Politik und Ingenieuren. Der VDI gestaltet L\u00f6sungen f\u00fcr relevante Zukunftsfragen mit dem Ziel, den Standort Deutschland nachhaltig zu st\u00e4rken.<\/p>\n<p>Der <a href=\"http:\/\/www.vdi-suedwest.de\" target=\"_blank\" rel=\"noopener\"><em>VDI W\u00fcrttembergischer Ingenieurverein e. V.<\/em><\/a> (WIV) ist mit mehr als 13.000 Mitgliedern der mitgliederst\u00e4rkste Bezirksverein des VDI. Er betreut die Mitglieder vor Ort. Ihm geh\u00f6ren alle pers\u00f6nlichen und f\u00f6rdernden Mitglieder des VDI an, die ihren Wohn- oder Gesch\u00e4ftssitz im Bezirk des WIV haben. Der WIV selbst ist in sechs regionale Bezirksgruppen gegliedert. \u00dcber diese und seine zahlreichen Arbeitskreise bietet der WIV den VDI-Mitgliedern und weiteren Interessierten aktuelle Fachvortr\u00e4ge, Diskussionen, Seminare, Exkursionen sowie Reisen an, bei denen Fachinformationen zu technisch-wissenschaftlichen und berufspolitischen Themen vermittelt werden. Zudem f\u00f6rdert der WIV den Erfahrungsaustausch und pers\u00f6nlichen Kontakt der VDI-Mitglieder auf regionaler Ebene.<\/p>\n<p>Die <em>VDI Bezirksgruppe Heilbronn-Franken<\/em> umfasst mit \u00fcber 1.300 Mitgliedern die Kreise Main-Tauber, Hohenlohe, Schw\u00e4bisch Hall und Heilbronn im n\u00f6rdlichen W\u00fcrttemberg und ist dort mit 3 regionalen Netzwerken in Bad Mergentheim, Schw\u00e4bisch Hall und Heilbronn vertreten. Die r\u00e4umliche Abdeckung entspricht ungef\u00e4hr der<em> <a href=\"https:\/\/www.heilbronn-franken.com\/\" target=\"_blank\" rel=\"noopener noreferrer\">Region Heilbronn-Franken<\/a><\/em>.<\/p>\n<p>Unsere SuJ-Gruppe (<a href=\"https:\/\/vdi-heilbronn-franken.de\/blog\/young-engineers\/\" rel=\"noopener\"><em>Studenten und Jungingenieure &#8222;Young Engineers&#8220;<\/em><\/a>) entstand 2014 an der Hochschule Heilbronn. Die Networking-Angebote f\u00fcr Studierende und Absolventen bauen auf gemeinsame Aktivit\u00e4ten wie Stammtische, Exkursionen und Vortragsveranstaltungen. Die SuJ sind eng in das Programm der Neckargruppe eingebunden und aktive Mitgestalter.<\/p>\n<p>Mehr Informationen und Termine finden Sie auf den Seiten des WIV unter den Bezirksvereinen zur <a href=\"https:\/\/www.vdi-suedwest.de\/netzwerke\/kategorie\/neckargruppe-heilbronn\/\" target=\"_blank\" rel=\"noopener noreferrer\">Bezirksgruppe Heilbronn-Franken<\/a>.<\/p>\n<h1>Ansprechpartner vor Ort<\/h1>\n<p class=\"bodytext\">Prof. Dr.-Ing. Ansgar Meroth<br \/>\nHochschule Heilbronn<br \/>\nMax-Planck-Str. 39, 74081 Heilbronn<br \/>\nTelefon: 07131 504 6685<br \/>\nE-Mail: <a href=\"mailto:HN-Franken@vdi-suedwest.de\">HN-Franken@vdi-suedwest.de<\/a><\/p>\n","protected":false},"excerpt":{"rendered":"<p>Der VDI Verein Deutscher Ingenieure e.V. ist Sprecher der Ingenieure und der Technik. Mit seinen 135.000 Mitgliedern ist der VDI der gr\u00f6\u00dfte technisch-wissenschaftliche Verein Europas. Als gemeinn\u00fctzige und unabh\u00e4ngige Organisation ist er zentraler Ansprechpartner f\u00fcr technische, berufliche und politische Fragen. Sein starkes Netzwerk unterst\u00fctzt den Austausch zwischen Industrie, Wissenschaft, Gesellschaft, Politik und Ingenieuren. Der VDI [&hellip;]<\/p>\n","protected":false},"author":1,"featured_media":0,"parent":0,"menu_order":0,"comment_status":"closed","ping_status":"closed","template":"","meta":{"ngg_post_thumbnail":0,"footnotes":""},"class_list":["post-18","page","type-page","status-publish","hentry"],"_links":{"self":[{"href":"https:\/\/vdi-heilbronn-franken.de\/blog\/wp-json\/wp\/v2\/pages\/18","targetHints":{"allow":["GET"]}}],"collection":[{"href":"https:\/\/vdi-heilbronn-franken.de\/blog\/wp-json\/wp\/v2\/pages"}],"about":[{"href":"https:\/\/vdi-heilbronn-franken.de\/blog\/wp-json\/wp\/v2\/types\/page"}],"author":[{"embeddable":true,"href":"https:\/\/vdi-heilbronn-franken.de\/blog\/wp-json\/wp\/v2\/users\/1"}],"replies":[{"embeddable":true,"href":"https:\/\/vdi-heilbronn-franken.de\/blog\/wp-json\/wp\/v2\/comments?post=18"}],"version-history":[{"count":23,"href":"https:\/\/vdi-heilbronn-franken.de\/blog\/wp-json\/wp\/v2\/pages\/18\/revisions"}],"predecessor-version":[{"id":1600,"href":"https:\/\/vdi-heilbronn-franken.de\/blog\/wp-json\/wp\/v2\/pages\/18\/revisions\/1600"}],"wp:attachment":[{"href":"https:\/\/vdi-heilbronn-franken.de\/blog\/wp-json\/wp\/v2\/media?parent=18"}],"curies":[{"name":"wp","href":"https:\/\/api.w.org\/{rel}","templated":true}]}}